{"id":3363,"date":"2021-03-20T23:09:51","date_gmt":"2021-03-20T20:09:51","guid":{"rendered":"https:\/\/www.naztic.org.tr\/?page_id=3363"},"modified":"2021-04-10T00:26:19","modified_gmt":"2021-04-09T21:26:19","slug":"iskur-turkish-employment-agency-service-point","status":"publish","type":"page","link":"https:\/\/www.naztic.org.tr\/en\/iskur-turkish-employment-agency-service-point\/","title":{"rendered":"ISKUR Turkish Employment Agency Service Point"},"content":{"rendered":"\n<h2>ISKUR Turkish Employment Agency Service Point<\/h2>\n\n\n\n<p>With the protocol signed between our chamber and \u0130\u015eKUR, the consultants working at the Service Point inform NTO members about \u0130\u015eKUR services.&nbsp;<\/p>\n\n\n\n<p>Information and services are provided on on-the-job training programs, vocational training courses, job postings, entrepreneurship and public benefit programs.<\/p>\n\n\n\n<ol><li>Provides information about \u0130\u015eKUR and consultancy services<\/li><li>Holds individual and group meetings.<\/li><li>Provides information on the labor market and job search skills<\/li><li>Guides people to work according to their knowledge and skills<\/li><li>Organizes educational seminars, conversations, conferences for job seekers<\/li><\/ol>\n","protected":false},"excerpt":{"rendered":"<p>ISKUR Turkish Employment Agency Service Point With the protocol signed between our chamber and \u0130\u015eKUR, the consultants working at the Service Point inform NTO members about<span class=\"excerpt-hellip\"> [\u2026]<\/span><\/p>\n","protected":false},"author":1,"featured_media":0,"parent":0,"menu_order":0,"comment_status":"closed","ping_status":"closed","template":"","meta":[],"_links":{"self":[{"href":"https:\/\/www.naztic.org.tr\/en\/wp-json\/wp\/v2\/pages\/3363"}],"collection":[{"href":"https:\/\/www.naztic.org.tr\/en\/wp-json\/wp\/v2\/pages"}],"about":[{"href":"https:\/\/www.naztic.org.tr\/en\/wp-json\/wp\/v2\/types\/page"}],"author":[{"embeddable":true,"href":"https:\/\/www.naztic.org.tr\/en\/wp-json\/wp\/v2\/users\/1"}],"replies":[{"embeddable":true,"href":"https:\/\/www.naztic.org.tr\/en\/wp-json\/wp\/v2\/comments?post=3363"}],"version-history":[{"count":4,"href":"https:\/\/www.naztic.org.tr\/en\/wp-json\/wp\/v2\/pages\/3363\/revisions"}],"predecessor-version":[{"id":11086,"href":"https:\/\/www.naztic.org.tr\/en\/wp-json\/wp\/v2\/pages\/3363\/revisions\/11086"}],"wp:attachment":[{"href":"https:\/\/www.naztic.org.tr\/en\/wp-json\/wp\/v2\/media?parent=3363"}],"curies":[{"name":"wp","href":"https:\/\/api.w.org\/{rel}","templated":true}]}}